{"id":25,"date":"2022-10-25T16:50:13","date_gmt":"2022-10-25T16:50:13","guid":{"rendered":"https:\/\/novaeditora.unifoa.edu.br\/?page_id=25"},"modified":"2024-09-26T14:00:50","modified_gmt":"2024-09-26T14:00:50","slug":"a-editora","status":"publish","type":"page","link":"https:\/\/editora.unifoa.edu.br\/index.php\/a-editora\/","title":{"rendered":"A Editora"},"content":{"rendered":"\t\t<div data-elementor-type=\"wp-page\" data-elementor-id=\"25\" class=\"elementor elementor-25\" data-elementor-settings=\"{&quot;ha_cmc_init_switcher&quot;:&quot;no&quot;}\">\n\t\t\t\t\t\t<section class=\"elementor-section elementor-top-section elementor-element elementor-element-7ad98b2 elementor-section-boxed elementor-section-height-default elementor-section-height-default\" data-id=\"7ad98b2\" data-element_type=\"section\" data-e-type=\"section\" data-settings=\"{&quot;_ha_eqh_enable&quot;:false}\">\n\t\t\t\t\t\t<div class=\"elementor-container elementor-column-gap-default\">\n\t\t\t\t\t<div class=\"elementor-column elementor-col-100 elementor-top-column elementor-element elementor-element-229331a\" data-id=\"229331a\" data-element_type=\"column\" data-e-type=\"column\">\n\t\t\t<div class=\"elementor-widget-wrap elementor-element-populated\">\n\t\t\t\t\t\t<div class=\"elementor-element elementor-element-99672f3 elementor-widget elementor-widget-heading\" data-id=\"99672f3\" data-element_type=\"widget\" data-e-type=\"widget\" data-widget_type=\"heading.default\">\n\t\t\t\t<div class=\"elementor-widget-container\">\n\t\t\t\t\t<h1 class=\"elementor-heading-title elementor-size-default\">A Editora<\/h1>\t\t\t\t<\/div>\n\t\t\t\t<\/div>\n\t\t\t\t\t<\/div>\n\t\t<\/div>\n\t\t\t\t\t<\/div>\n\t\t<\/section>\n\t\t\t\t<section class=\"elementor-section elementor-top-section elementor-element elementor-element-f7ce497 elementor-section-boxed elementor-section-height-default elementor-section-height-default\" data-id=\"f7ce497\" data-element_type=\"section\" data-e-type=\"section\" data-settings=\"{&quot;_ha_eqh_enable&quot;:false}\">\n\t\t\t\t\t\t<div class=\"elementor-container elementor-column-gap-default\">\n\t\t\t\t\t<div class=\"elementor-column elementor-col-100 elementor-top-column elementor-element elementor-element-0cb43a4\" data-id=\"0cb43a4\" data-element_type=\"column\" data-e-type=\"column\">\n\t\t\t<div class=\"elementor-widget-wrap\">\n\t\t\t\t\t\t\t<\/div>\n\t\t<\/div>\n\t\t\t\t\t<\/div>\n\t\t<\/section>\n\t\t\t\t<section class=\"elementor-section elementor-top-section elementor-element elementor-element-06096b7 elementor-section-boxed elementor-section-height-default elementor-section-height-default\" data-id=\"06096b7\" data-element_type=\"section\" data-e-type=\"section\" data-settings=\"{&quot;_ha_eqh_enable&quot;:false}\">\n\t\t\t\t\t\t<div class=\"elementor-container elementor-column-gap-default\">\n\t\t\t\t\t<div class=\"elementor-column elementor-col-100 elementor-top-column elementor-element elementor-element-f1500ab\" data-id=\"f1500ab\" data-element_type=\"column\" data-e-type=\"column\">\n\t\t\t<div class=\"elementor-widget-wrap elementor-element-populated\">\n\t\t\t\t\t\t<div class=\"elementor-element elementor-element-210eef9 elementor-widget elementor-widget-image\" data-id=\"210eef9\" data-element_type=\"widget\" data-e-type=\"widget\" data-widget_type=\"image.default\">\n\t\t\t\t<div class=\"elementor-widget-container\">\n\t\t\t\t\t\t\t\t\t\t\t\t\t\t\t<img decoding=\"async\" src=\"https:\/\/editora.unifoa.edu.br\/wp-content\/uploads\/elementor\/thumbs\/20240926_1031471-scaled-quogyci9uqpk12zyfnxtrsroxof5jvt3dsbeald3tg.jpg\" title=\"20240926_1031471\" alt=\"Pr\u00e9dio 3, antigo casar\u00e3o\" loading=\"lazy\" \/>\t\t\t\t\t\t\t\t\t\t\t\t\t\t\t<\/div>\n\t\t\t\t<\/div>\n\t\t\t\t<div class=\"elementor-element elementor-element-58315dd elementor-widget elementor-widget-text-editor\" data-id=\"58315dd\" data-element_type=\"widget\" data-e-type=\"widget\" data-widget_type=\"text-editor.default\">\n\t\t\t\t<div class=\"elementor-widget-container\">\n\t\t\t\t\t\t\t\t\t<p>Fundada em 2006, a Editora FOA \u00e9 respons\u00e1vel pelo gerenciamento, padroniza\u00e7\u00e3o, design e publica\u00e7\u00e3o de textos e obras tecnocient\u00edficas produzidas por alunos, professores e demais membros da Funda\u00e7\u00e3o Oswaldo Aranha e do Centro Universit\u00e1rio de Volta Redonda &#8211; UniFOA. Estamos localizados no antigo casar\u00e3o, pr\u00e9dio 3.<\/p><p><b>Editor-chefe:\u00a0<\/b>Laert dos Santos Andrade\u00a0\u00a0<a style=\"font-family: 'Noto Sans', -apple-system, BlinkMacSystemFont, 'Segoe UI', Roboto, Oxygen-Sans, Ubuntu, Cantarell, 'Helvetica Neue', sans-serif; font-size: 14px; font-weight: bolder; text-align: start; font-style: inherit; color: #006798;\" href=\"https:\/\/orcid.org\/0000-0003-2073-8937\" target=\"_blank\" rel=\"noopener\"><img decoding=\"async\" style=\"width: auto; font-size: 0.875rem;\" src=\"https:\/\/rdp.emnuvens.com.br\/public\/site\/images\/suelybcs\/orcid-email.jpg\" alt=\"\" width=\"22\" height=\"22\" \/><\/a><span style=\"color: rgba(0, 0, 0, 0.87); font-family: 'Noto Sans', -apple-system, BlinkMacSystemFont, 'Segoe UI', Roboto, Oxygen-Sans, Ubuntu, Cantarell, 'Helvetica Neue', sans-serif; font-size: 14px; font-weight: bolder; text-align: start; font-style: inherit; background-color: var(--ast-global-color-5);\">\u00a0 \u00a0<\/span><a style=\"font-family: 'Noto Sans', -apple-system, BlinkMacSystemFont, 'Segoe UI', Roboto, Oxygen-Sans, Ubuntu, Cantarell, 'Helvetica Neue', sans-serif; font-weight: bolder; text-align: start; font-style: inherit; background-color: #ffffff; color: #006798; font-size: 0.875rem;\" href=\"http:\/\/lattes.cnpq.br\/0971229602154914\" target=\"_blank\" rel=\"noopener\"><img decoding=\"async\" style=\"width: auto;\" src=\"https:\/\/rdp.emnuvens.com.br\/public\/site\/images\/suelybcs\/lattes-pequeno.jpg\" alt=\"\" width=\"22\" height=\"22\" \/><\/a><span style=\"color: rgba(0, 0, 0, 0.87); font-family: 'Noto Sans', -apple-system, BlinkMacSystemFont, 'Segoe UI', Roboto, Oxygen-Sans, Ubuntu, Cantarell, 'Helvetica Neue', sans-serif; font-size: 14px; font-weight: bolder; text-align: start; font-style: inherit; background-color: var(--ast-global-color-5);\">\u00a0\u00a0\u00a0<\/span><a style=\"font-family: 'Noto Sans', -apple-system, BlinkMacSystemFont, 'Segoe UI', Roboto, Oxygen-Sans, Ubuntu, Cantarell, 'Helvetica Neue', sans-serif; font-weight: bolder; text-align: start; font-style: inherit; background-color: #ffffff; color: #006798; font-size: 0.875rem;\" href=\"mailto:laert.andrade@foa.org.br\" target=\"_blank\" rel=\"noopener\"><img decoding=\"async\" class=\"alignnone\" style=\"width: auto;\" src=\"https:\/\/rdp.emnuvens.com.br\/public\/site\/images\/suelybcs\/send-mail2.png\" alt=\"\" width=\"9\" height=\"9\" \/><\/a><span style=\"color: rgba(0, 0, 0, 0.87); font-family: 'Noto Sans', -apple-system, BlinkMacSystemFont, 'Segoe UI', Roboto, Oxygen-Sans, Ubuntu, Cantarell, 'Helvetica Neue', sans-serif; font-size: 14px; font-weight: bolder; text-align: start; font-style: inherit; background-color: var(--ast-global-color-5);\">\u00a0\u00a0<\/span><\/p>\t\t\t\t\t\t\t\t<\/div>\n\t\t\t\t<\/div>\n\t\t\t\t<div class=\"elementor-element elementor-element-25eb18b elementor-widget elementor-widget-heading\" data-id=\"25eb18b\" data-element_type=\"widget\" data-e-type=\"widget\" data-widget_type=\"heading.default\">\n\t\t\t\t<div class=\"elementor-widget-container\">\n\t\t\t\t\t<h2 class=\"elementor-heading-title elementor-size-default\">O que fazemos?<\/h2>\t\t\t\t<\/div>\n\t\t\t\t<\/div>\n\t\t\t\t<section class=\"elementor-section elementor-inner-section elementor-element elementor-element-442916e elementor-section-boxed elementor-section-height-default elementor-section-height-default\" data-id=\"442916e\" data-element_type=\"section\" data-e-type=\"section\" data-settings=\"{&quot;_ha_eqh_enable&quot;:false}\">\n\t\t\t\t\t\t<div class=\"elementor-container elementor-column-gap-default\">\n\t\t\t\t\t<div class=\"elementor-column elementor-col-50 elementor-inner-column elementor-element elementor-element-26f3987\" data-id=\"26f3987\" data-element_type=\"column\" data-e-type=\"column\">\n\t\t\t<div class=\"elementor-widget-wrap elementor-element-populated\">\n\t\t\t\t\t\t<div class=\"elementor-element elementor-element-bf2ce66 elementor-widget elementor-widget-image\" data-id=\"bf2ce66\" data-element_type=\"widget\" data-e-type=\"widget\" data-widget_type=\"image.default\">\n\t\t\t\t<div class=\"elementor-widget-container\">\n\t\t\t\t\t\t\t\t\t\t\t\t\t\t\t<img loading=\"lazy\" decoding=\"async\" width=\"512\" height=\"512\" src=\"https:\/\/editora.unifoa.edu.br\/wp-content\/uploads\/2022\/10\/003-open-book.png\" class=\"attachment-large size-large wp-image-181\" alt=\"\" srcset=\"https:\/\/editora.unifoa.edu.br\/wp-content\/uploads\/2022\/10\/003-open-book.png 512w, https:\/\/editora.unifoa.edu.br\/wp-content\/uploads\/2022\/10\/003-open-book-300x300.png 300w, https:\/\/editora.unifoa.edu.br\/wp-content\/uploads\/2022\/10\/003-open-book-150x150.png 150w\" sizes=\"(max-width: 512px) 100vw, 512px\" \/>\t\t\t\t\t\t\t\t\t\t\t\t\t\t\t<\/div>\n\t\t\t\t<\/div>\n\t\t\t\t<div class=\"elementor-element elementor-element-5284f64 elementor-widget elementor-widget-heading\" data-id=\"5284f64\" data-element_type=\"widget\" data-e-type=\"widget\" data-widget_type=\"heading.default\">\n\t\t\t\t<div class=\"elementor-widget-container\">\n\t\t\t\t\t<h5 class=\"elementor-heading-title elementor-size-default\">Publica\u00e7\u00f5es Institucionais<\/h5>\t\t\t\t<\/div>\n\t\t\t\t<\/div>\n\t\t\t\t<div class=\"elementor-element elementor-element-7411a19 elementor-widget elementor-widget-text-editor\" data-id=\"7411a19\" data-element_type=\"widget\" data-e-type=\"widget\" data-widget_type=\"text-editor.default\">\n\t\t\t\t<div class=\"elementor-widget-container\">\n\t\t\t\t\t\t\t\t\t<p>Livros, revistas, cat\u00e1logos e relat\u00f3rios anuais publicados pela institui\u00e7\u00e3o<\/p>\t\t\t\t\t\t\t\t<\/div>\n\t\t\t\t<\/div>\n\t\t\t\t\t<\/div>\n\t\t<\/div>\n\t\t\t\t<div class=\"elementor-column elementor-col-50 elementor-inner-column elementor-element elementor-element-a1de327\" data-id=\"a1de327\" data-element_type=\"column\" data-e-type=\"column\">\n\t\t\t<div class=\"elementor-widget-wrap elementor-element-populated\">\n\t\t\t\t\t\t<div class=\"elementor-element elementor-element-4a787f1 elementor-widget elementor-widget-image\" data-id=\"4a787f1\" data-element_type=\"widget\" data-e-type=\"widget\" data-widget_type=\"image.default\">\n\t\t\t\t<div class=\"elementor-widget-container\">\n\t\t\t\t\t\t\t\t\t\t\t\t\t\t\t<img loading=\"lazy\" decoding=\"async\" width=\"512\" height=\"512\" src=\"https:\/\/editora.unifoa.edu.br\/wp-content\/uploads\/2022\/10\/004-news.png\" class=\"attachment-large size-large wp-image-182\" alt=\"\" srcset=\"https:\/\/editora.unifoa.edu.br\/wp-content\/uploads\/2022\/10\/004-news.png 512w, https:\/\/editora.unifoa.edu.br\/wp-content\/uploads\/2022\/10\/004-news-300x300.png 300w, https:\/\/editora.unifoa.edu.br\/wp-content\/uploads\/2022\/10\/004-news-150x150.png 150w\" sizes=\"(max-width: 512px) 100vw, 512px\" \/>\t\t\t\t\t\t\t\t\t\t\t\t\t\t\t<\/div>\n\t\t\t\t<\/div>\n\t\t\t\t<div class=\"elementor-element elementor-element-c567e10 elementor-widget elementor-widget-heading\" data-id=\"c567e10\" data-element_type=\"widget\" data-e-type=\"widget\" data-widget_type=\"heading.default\">\n\t\t\t\t<div class=\"elementor-widget-container\">\n\t\t\t\t\t<h5 class=\"elementor-heading-title elementor-size-default\">Revistas Cient\u00edficas<\/h5>\t\t\t\t<\/div>\n\t\t\t\t<\/div>\n\t\t\t\t<div class=\"elementor-element elementor-element-b628e00 elementor-widget elementor-widget-text-editor\" data-id=\"b628e00\" data-element_type=\"widget\" data-e-type=\"widget\" data-widget_type=\"text-editor.default\">\n\t\t\t\t<div class=\"elementor-widget-container\">\n\t\t\t\t\t\t\t\t\t<p>Editora\u00e7\u00e3o e publica\u00e7\u00e3o de artigos dos peri\u00f3dicos UniFOA<\/p>\t\t\t\t\t\t\t\t<\/div>\n\t\t\t\t<\/div>\n\t\t\t\t\t<\/div>\n\t\t<\/div>\n\t\t\t\t\t<\/div>\n\t\t<\/section>\n\t\t\t\t<section class=\"elementor-section elementor-inner-section elementor-element elementor-element-bf52168 elementor-section-boxed elementor-section-height-default elementor-section-height-default\" data-id=\"bf52168\" data-element_type=\"section\" data-e-type=\"section\" data-settings=\"{&quot;_ha_eqh_enable&quot;:false}\">\n\t\t\t\t\t\t<div class=\"elementor-container elementor-column-gap-default\">\n\t\t\t\t\t<div class=\"elementor-column elementor-col-50 elementor-inner-column elementor-element elementor-element-6a63ffc\" data-id=\"6a63ffc\" data-element_type=\"column\" data-e-type=\"column\">\n\t\t\t<div class=\"elementor-widget-wrap elementor-element-populated\">\n\t\t\t\t\t\t<div class=\"elementor-element elementor-element-5fded11 elementor-widget elementor-widget-image\" data-id=\"5fded11\" data-element_type=\"widget\" data-e-type=\"widget\" data-widget_type=\"image.default\">\n\t\t\t\t<div class=\"elementor-widget-container\">\n\t\t\t\t\t\t\t\t\t\t\t\t\t\t\t<img loading=\"lazy\" decoding=\"async\" width=\"512\" height=\"512\" src=\"https:\/\/editora.unifoa.edu.br\/wp-content\/uploads\/2022\/10\/002-teacher.png\" class=\"attachment-large size-large wp-image-180\" alt=\"\" srcset=\"https:\/\/editora.unifoa.edu.br\/wp-content\/uploads\/2022\/10\/002-teacher.png 512w, https:\/\/editora.unifoa.edu.br\/wp-content\/uploads\/2022\/10\/002-teacher-300x300.png 300w, https:\/\/editora.unifoa.edu.br\/wp-content\/uploads\/2022\/10\/002-teacher-150x150.png 150w\" sizes=\"(max-width: 512px) 100vw, 512px\" \/>\t\t\t\t\t\t\t\t\t\t\t\t\t\t\t<\/div>\n\t\t\t\t<\/div>\n\t\t\t\t<div class=\"elementor-element elementor-element-1a89e65 elementor-widget elementor-widget-heading\" data-id=\"1a89e65\" data-element_type=\"widget\" data-e-type=\"widget\" data-widget_type=\"heading.default\">\n\t\t\t\t<div class=\"elementor-widget-container\">\n\t\t\t\t\t<h5 class=\"elementor-heading-title elementor-size-default\">Publica\u00e7\u00f5es de Alunos e Professores<\/h5>\t\t\t\t<\/div>\n\t\t\t\t<\/div>\n\t\t\t\t<div class=\"elementor-element elementor-element-4aebd01 elementor-widget elementor-widget-text-editor\" data-id=\"4aebd01\" data-element_type=\"widget\" data-e-type=\"widget\" data-widget_type=\"text-editor.default\">\n\t\t\t\t<div class=\"elementor-widget-container\">\n\t\t\t\t\t\t\t\t\t<p><span style=\"color: var( --e-global-color-text ); background-color: var(--ast-global-color-5); font-size: 1rem;\">Suporte, editora\u00e7\u00e3o e registro das obras de\u00a0<\/span>alunos e professores do UniFOA<\/p>\t\t\t\t\t\t\t\t<\/div>\n\t\t\t\t<\/div>\n\t\t\t\t\t<\/div>\n\t\t<\/div>\n\t\t\t\t<div class=\"elementor-column elementor-col-50 elementor-inner-column elementor-element elementor-element-e823ab7\" data-id=\"e823ab7\" data-element_type=\"column\" data-e-type=\"column\">\n\t\t\t<div class=\"elementor-widget-wrap elementor-element-populated\">\n\t\t\t\t\t\t<div class=\"elementor-element elementor-element-4431a3c elementor-widget elementor-widget-image\" data-id=\"4431a3c\" data-element_type=\"widget\" data-e-type=\"widget\" data-widget_type=\"image.default\">\n\t\t\t\t<div class=\"elementor-widget-container\">\n\t\t\t\t\t\t\t\t\t\t\t\t\t\t\t<img loading=\"lazy\" decoding=\"async\" width=\"512\" height=\"512\" src=\"https:\/\/editora.unifoa.edu.br\/wp-content\/uploads\/2022\/10\/001-application.png\" class=\"attachment-large size-large wp-image-179\" alt=\"\" srcset=\"https:\/\/editora.unifoa.edu.br\/wp-content\/uploads\/2022\/10\/001-application.png 512w, https:\/\/editora.unifoa.edu.br\/wp-content\/uploads\/2022\/10\/001-application-300x300.png 300w, https:\/\/editora.unifoa.edu.br\/wp-content\/uploads\/2022\/10\/001-application-150x150.png 150w\" sizes=\"(max-width: 512px) 100vw, 512px\" \/>\t\t\t\t\t\t\t\t\t\t\t\t\t\t\t<\/div>\n\t\t\t\t<\/div>\n\t\t\t\t<div class=\"elementor-element elementor-element-1f15ff6 elementor-widget elementor-widget-heading\" data-id=\"1f15ff6\" data-element_type=\"widget\" data-e-type=\"widget\" data-widget_type=\"heading.default\">\n\t\t\t\t<div class=\"elementor-widget-container\">\n\t\t\t\t\t<h5 class=\"elementor-heading-title elementor-size-default\">Anais de Eventos Acad\u00eamicos<\/h5>\t\t\t\t<\/div>\n\t\t\t\t<\/div>\n\t\t\t\t<div class=\"elementor-element elementor-element-edd6696 elementor-widget elementor-widget-text-editor\" data-id=\"edd6696\" data-element_type=\"widget\" data-e-type=\"widget\" data-widget_type=\"text-editor.default\">\n\t\t\t\t<div class=\"elementor-widget-container\">\n\t\t\t\t\t\t\t\t\t<p>Editora\u00e7\u00e3o e publica\u00e7\u00e3o de artigos apresentados nas Confer\u00eancias do UniFOA<\/p>\t\t\t\t\t\t\t\t<\/div>\n\t\t\t\t<\/div>\n\t\t\t\t\t<\/div>\n\t\t<\/div>\n\t\t\t\t\t<\/div>\n\t\t<\/section>\n\t\t\t\t\t<\/div>\n\t\t<\/div>\n\t\t\t\t\t<\/div>\n\t\t<\/section>\n\t\t\t\t<\/div>\n\t\t","protected":false},"excerpt":{"rendered":"<p>A Editora Fundada em 2006, a Editora FOA \u00e9 respons\u00e1vel pelo gerenciamento, padroniza\u00e7\u00e3o, design e publica\u00e7\u00e3o de textos e obras tecnocient\u00edficas produzidas por alunos, professores e demais membros da Funda\u00e7\u00e3o Oswaldo Aranha e do Centro Universit\u00e1rio de Volta Redonda &#8211; UniFOA. Estamos localizados no antigo casar\u00e3o, pr\u00e9dio 3. Editor-chefe:\u00a0Laert dos Santos Andrade\u00a0\u00a0\u00a0 \u00a0\u00a0\u00a0\u00a0\u00a0\u00a0 O que [&hellip;]<\/p>\n","protected":false},"author":1,"featured_media":0,"parent":0,"menu_order":0,"comment_status":"closed","ping_status":"closed","template":"elementor_header_footer","meta":{"_eb_attr":"","site-sidebar-layout":"no-sidebar","site-content-layout":"page-builder","ast-site-content-layout":"default","site-content-style":"default","site-sidebar-style":"default","ast-global-header-display":"","ast-banner-title-visibility":"","ast-main-header-display":"","ast-hfb-above-header-display":"","ast-hfb-below-header-display":"","ast-hfb-mobile-header-display":"","site-post-title":"disabled","ast-breadcrumbs-content":"","ast-featured-img":"disabled","footer-sml-layout":"","ast-disable-related-posts":"","theme-transparent-header-meta":"","adv-header-id-meta":"","stick-header-meta":"","header-above-stick-meta":"","header-main-stick-meta":"","header-below-stick-meta":"","astra-migrate-meta-layouts":"default","ast-page-background-enabled":"default","ast-page-background-meta":{"desktop":{"background-color":"var(--ast-global-color-4)","background-image":"","background-repeat":"repeat","background-position":"center center","background-size":"auto","background-attachment":"scroll","background-type":"","background-media":"","overlay-type":"","overlay-color":"","overlay-opacity":"","overlay-gradient":""},"tablet":{"background-color":"","background-image":"","background-repeat":"repeat","background-position":"center center","background-size":"auto","background-attachment":"scroll","background-type":"","background-media":"","overlay-type":"","overlay-color":"","overlay-opacity":"","overlay-gradient":""},"mobile":{"background-color":"","background-image":"","background-repeat":"repeat","background-position":"center center","background-size":"auto","background-attachment":"scroll","background-type":"","background-media":"","overlay-type":"","overlay-color":"","overlay-opacity":"","overlay-gradient":""}},"ast-content-background-meta":{"desktop":{"background-color":"var(--ast-global-color-5)","background-image":"","background-repeat":"repeat","background-position":"center center","background-size":"auto","background-attachment":"scroll","background-type":"","background-media":"","overlay-type":"","overlay-color":"","overlay-opacity":"","overlay-gradient":""},"tablet":{"background-color":"var(--ast-global-color-5)","background-image":"","background-repeat":"repeat","background-position":"center center","background-size":"auto","background-attachment":"scroll","background-type":"","background-media":"","overlay-type":"","overlay-color":"","overlay-opacity":"","overlay-gradient":""},"mobile":{"background-color":"var(--ast-global-color-5)","background-image":"","background-repeat":"repeat","background-position":"center center","background-size":"auto","background-attachment":"scroll","background-type":"","background-media":"","overlay-type":"","overlay-color":"","overlay-opacity":"","overlay-gradient":""}},"footnotes":""},"class_list":["post-25","page","type-page","status-publish","hentry"],"rttpg_featured_image_url":null,"rttpg_author":{"display_name":"contato.eltonrodrigues","author_link":"https:\/\/editora.unifoa.edu.br\/index.php\/author\/contato-eltonrodrigues\/"},"rttpg_comment":0,"rttpg_category":null,"rttpg_excerpt":"A Editora Fundada em 2006, a Editora FOA \u00e9 respons\u00e1vel pelo gerenciamento, padroniza\u00e7\u00e3o, design e publica\u00e7\u00e3o de textos e obras tecnocient\u00edficas produzidas por alunos, professores e demais membros da Funda\u00e7\u00e3o Oswaldo Aranha e do Centro Universit\u00e1rio de Volta Redonda &#8211; UniFOA. Estamos localizados no antigo casar\u00e3o, pr\u00e9dio 3. Editor-chefe:\u00a0Laert dos Santos Andrade\u00a0\u00a0\u00a0 \u00a0\u00a0\u00a0\u00a0\u00a0\u00a0 O que&hellip;","_links":{"self":[{"href":"https:\/\/editora.unifoa.edu.br\/index.php\/wp-json\/wp\/v2\/pages\/25","targetHints":{"allow":["GET"]}}],"collection":[{"href":"https:\/\/editora.unifoa.edu.br\/index.php\/wp-json\/wp\/v2\/pages"}],"about":[{"href":"https:\/\/editora.unifoa.edu.br\/index.php\/wp-json\/wp\/v2\/types\/page"}],"author":[{"embeddable":true,"href":"https:\/\/editora.unifoa.edu.br\/index.php\/wp-json\/wp\/v2\/users\/1"}],"replies":[{"embeddable":true,"href":"https:\/\/editora.unifoa.edu.br\/index.php\/wp-json\/wp\/v2\/comments?post=25"}],"version-history":[{"count":68,"href":"https:\/\/editora.unifoa.edu.br\/index.php\/wp-json\/wp\/v2\/pages\/25\/revisions"}],"predecessor-version":[{"id":1465,"href":"https:\/\/editora.unifoa.edu.br\/index.php\/wp-json\/wp\/v2\/pages\/25\/revisions\/1465"}],"wp:attachment":[{"href":"https:\/\/editora.unifoa.edu.br\/index.php\/wp-json\/wp\/v2\/media?parent=25"}],"curies":[{"name":"wp","href":"https:\/\/api.w.org\/{rel}","templated":true}]}}